{"id":235,"date":"2021-04-23T17:21:17","date_gmt":"2021-04-23T08:21:17","guid":{"rendered":"https:\/\/www.celes.info\/jasele2021\/?page_id=235"},"modified":"2021-06-11T10:06:30","modified_gmt":"2021-06-11T01:06:30","slug":"kyosan","status":"publish","type":"page","link":"https:\/\/www.celes.info\/jasele2021\/kyosan\/","title":{"rendered":"\u5354\u8cdb\u8981\u9818\uff06\u7533\u3057\u8fbc\u307f"},"content":{"rendered":"<h1><strong>\u5354\u8cdb\u8981\u9818\uff06\u7533\u3057\u8fbc\u307f<\/strong><\/h1>\n<h2><span style=\"color: #ff0000;\">\u7de0\u5207\u308a\u306e\u5ef6\u9577\u3068\u30c7\u30fc\u30bf\u63d0\u51fa\u65b9\u6cd5\u306e<\/span><span style=\"color: #ff0000;\">\u5909\u66f4\u3092\u884c\u3044\u307e\u3057\u305f\u3002<\/span><\/h2>\n<p>&nbsp;<\/p>\n<p>\u5168\u56fd\u82f1\u8a9e\u6559\u80b2\u5b66\u4f1a\u7b2c46\u56de\u9577\u91ce\u7814\u7a76\u5927\u4f1a\uff08\u30aa\u30f3\u30e9\u30a4\u30f3\u958b\u50ac\uff09\u3078\u306e\u5354\u8cdb\u3092\u7533\u8acb\u3055\u308c\u308b\u969b\u306b\u306f\uff0c\u4e0b\u8a18\u306e\u300c\u5354\u8cdb\u7533\u3057\u8fbc\u307f\u30d5\u30a9\u30fc\u30e0\u300d\u306b\u5fc5\u8981\u4e8b\u9805\u3092\u5165\u529b\u3057\uff0c\u9001\u4fe1\u3057\u3066\u304f\u3060\u3055\u3044\u3002\u7de0\u3081\u5207\u308a\u306f\uff0c<del><strong>6\u670811\u65e5\uff08\u91d1\uff0917:00<\/strong><\/del><span style=\"color: #ff0000;\"><strong> 7\u67082\u65e5 (\u91d1) 17:00<\/strong><\/span>\u3068\u3055\u305b\u3066\u3044\u305f\u3060\u304d\u307e\u3059\u3002\u5354\u8cdb\u306e\u304a\u7533\u3057\u8fbc\u307f\u306b\u3064\u3044\u3066\u3054\u4e0d\u660e\u306a\u70b9\u304c\u3054\u3056\u3044\u307e\u3057\u305f\u3089\uff0c\u5927\u4f1a\u4e8b\u52d9\u5c40\uff08jaselenagano2021@gmail.com)\u307e\u3067\u3054\u9023\u7d61\u304f\u3060\u3055\u3044\u3002<\/p>\n<h2><strong><a href=\"https:\/\/docs.google.com\/forms\/d\/e\/1FAIpQLSfeDQRPbzViXHX9Czkzw6_P2gcpd-96UW16IIhkqL9PL8jGMQ\/viewform\"><span style=\"color: #3366ff;\">\u3010\u5354\u8cdb\u7533\u3057\u8fbc\u307f\u30d5\u30a9\u30fc\u30e0\u3011<\/span><\/a><\/strong><strong>(\u2190\u3053\u3061\u3089\u3092\u30af\u30ea\u30c3\u30af\u3057\u3066\u304a\u7533\u8fbc\u307f\u304f\u3060\u3055\u3044)<br \/>\n<\/strong><\/h2>\n<h1><\/h1>\n<p>&nbsp;<\/p>\n<h1><strong>\u5354\u8cdb\u5185\u5bb9\u306b\u3064\u3044\u3066<\/strong><\/h1>\n<p>\u5354\u8cdb\u5185\u5bb9\u306b\u3064\u3044\u3066\u306f\uff0c\u4ee5\u4e0b\u306e\u3088\u3046\u306b\u8a2d\u5b9a\u3057\u307e\u3059\u3002<\/p>\n<table>\n<tbody>\n<tr>\n<td width=\"340\"><strong>\u5185\u5bb9<\/strong><\/td>\n<td width=\"154\"><strong>\u8cdb\u52a9\u4f1a\u54e1<\/strong><\/td>\n<td width=\"155\"><strong>\u4e00\u822c<\/strong><\/td>\n<\/tr>\n<tr>\n<td width=\"340\">\u2460\u00a0 \u5927\u4f1a\u4e88\u7a3f\u96c6\uff08PDF\uff09\u306e\u9759\u6b62\u753b\u5e83\u544a<\/td>\n<td width=\"154\">15,000\u5186<\/td>\n<td width=\"155\">20,000\u5186<\/td>\n<\/tr>\n<tr>\n<td width=\"340\">\u2461\u00a0 \u30aa\u30f3\u30e9\u30a4\u30f3\u5927\u4f1a\u4e2d\u306e\u52d5\u753b\u5e83\u544a<\/td>\n<td width=\"154\">15,000\u5186<\/td>\n<td width=\"155\">20,000\u5186<\/td>\n<\/tr>\n<tr>\n<td width=\"340\">\u2462\u00a0 \u7814\u7a76\u5927\u4f1a\u30d7\u30ed\u30b0\u30e9\u30e0\u8868\uff08\u5f53\u65e5\u7528\uff09\u3078\u306eZoom\u4f1a\u8b70\u306e\u30ea\u30f3\u30af\u63b2\u8f09<\/td>\n<td width=\"154\">2,000\u5186<\/td>\n<td width=\"155\">2,000\u5186<\/td>\n<\/tr>\n<tr>\n<td width=\"340\">\u2463\u00a0 Value Set (\u2460\uff0b\u2461\uff0b\u2462)<\/td>\n<td width=\"154\">25,000\u5186<\/td>\n<td width=\"155\">35,000\u5186<\/td>\n<\/tr>\n<\/tbody>\n<\/table>\n<h4>\u2460\u5927\u4f1a\u4e88\u7a3f\u96c6\u306e\u9759\u6b62\u753b\u5e83\u544a<\/h4>\n<p>\u3054\u63d0\u51fa\u3044\u305f\u3060\u304f\u9759\u6b62\u753b\u5e83\u544a\u3092\uff0c\u4e88\u7a3f\u96c6\uff08PDF\uff09\u306e\u4e2d\u306b\u63b2\u8f09\u3057\u307e\u3059\u3002\u306a\u304a\uff0c\u5e83\u544a\u3092\u5fc5\u305a\u898b\u3066\u3044\u305f\u3060\u304f\u5de5\u592b\u3068\u3057\u3066\uff0c\u4e88\u7a3f\u96c6\uff08PDF\uff09\u306e\u63b2\u8f09\u306b\u52a0\u3048\u3066\uff0c\u5927\u4f1a\u53c2\u52a0\u8005\u304c\u5927\u4f1a\u30a6\u30a7\u30d6\u30b5\u30a4\u30c8\u4e0a\u3067\u767a\u8868\u8cc7\u6599\u30c0\u30a6\u30f3\u30ed\u30fc\u30c9\u30da\u30fc\u30b8\u3078\u753b\u9762\u9077\u79fb\u3059\u308b\u969b\u306b\uff0c\u5354\u8cdb\u4f01\u696d\u306e\u9759\u6b62\u753b\u5e83\u544a\u306e1\u3064\u304c\u30e9\u30f3\u30c0\u30e0\u3067\u753b\u9762\u4e0a\u306b\u8868\u793a\u3055\u308c\u308b\u3088\u3046\u8a2d\u5b9a\u3057\u307e\u3059\u3002\u5e83\u544a\u306e\u63b2\u8f09\u9806\u306f\u5927\u4f1a\u5b9f\u884c\u59d4\u54e1\u4f1a\u306b\u4e00\u4efb\u304f\u3060\u3055\u3044\u3002<\/p>\n<h4>\u2461\u30aa\u30f3\u30e9\u30a4\u30f3\u5927\u4f1a\u4e2d\u306e\u52d5\u753b\u5e83\u544a<\/h4>\n<ul>\n<li>\u30d7\u30ed\u30b0\u30e9\u30e0\u306e\u5408\u9593\u306b\u8a2d\u3051\u3089\u308c\u305f\u4f11\u61a9\u6642\u9593\u306b\u52d5\u753b\u5e83\u544a\u304c\u6d41\u3055\u308c\u307e\u3059\u3002\u52d5\u753b\u5e83\u544a\u306f\uff0c\u5927\u4f1a\u671f\u9593\u4e2d\uff0c\u30aa\u30f3\u30e9\u30a4\u30f3\u4e0a\u306e\u8907\u6570\u306e\u4f1a\u5834\u3067\u7e70\u308a\u8fd4\u3057\u30e9\u30f3\u30c0\u30e0\u306b\u6d41\u3055\u308c\u307e\u3059\u3002<\/li>\n<li>1\u4ef6\u306e\u304a\u7533\u3057\u8fbc\u307f\u306b\u3088\u308a\uff0c1\u5206\u9593\u306e\u52d5\u753b\u5e83\u544a1\u67a0\u3092\u3054\u5229\u7528\u3044\u305f\u3060\u3051\u307e\u3059\u3002\u9759\u6b62\u753b\u30921\u5206\u9593\u63d0\u793a\u3059\u308b\u3053\u3068\u3082\u53ef\u80fd\u3067\u3059\u3002<\/li>\n<li>1\u793e\u306b\u3064\u304d\u6700\u59272\u4ef6\u307e\u3067\u304a\u7533\u3057\u8fbc\u307f\u3044\u305f\u3060\u3051\u307e\u3059\uff08\u8cdb\u52a9\u4f1a\u54e1\u306e\u5834\u5408\uff0c15,000\u5186\u00d72\u4ef6 = 30,000\u5186\u3068\u306a\u308a\u307e\u3059\uff09\u30022\u4ef6\u7533\u3057\u8fbc\u307e\u308c\u305f\u5834\u5408\u306b\u306f\uff0c1) 1\u7a2e\u985e\u306e\u52d5\u753b\u5e83\u544a\u30922\u67a0\u5206\u306e\u983b\u5ea6\u3067\u6d41\u3059\uff0c2) 2\u7a2e\u985e\u306e\u52d5\u753b\u5e83\u544a\u30921\u67a0\u305a\u3064\u6d41\u3059\uff0c\u306e\u3044\u305a\u308c\u304b\u3092\u9078\u629e\u3057\u3066\u304f\u3060\u3055\u3044\u3002\u306a\u304a\uff0c2\u67a0\u306e\u52d5\u753b\u3092\u9023\u7d9a\u3057\u3066\u6d41\u3059\u3053\u3068\u306f\u3067\u304d\u306a\u3044\u305f\u3081\uff0c2\u7a2e\u985e\u306e\u52d5\u753b\u3092\u3054\u63d0\u51fa\u3044\u305f\u3060\u304f\u5834\u5408\u306b\u306f\uff0c\u72ec\u7acb\u3057\u305f2\u3064\u306e\u52d5\u753b\u3092\u3054\u7528\u610f\u304f\u3060\u3055\u3044\u3002<\/li>\n<\/ul>\n<h4>\u2462\u7814\u7a76\u5927\u4f1a\u30d7\u30ed\u30b0\u30e9\u30e0\u8868\uff08\u5f53\u65e5\u7528\uff09\u3078\u306eZoom\u4f1a\u8b70\u306e\u30ea\u30f3\u30af\u63b2\u8f09<\/h4>\n<p>\u8cdb\u52a9\u4f1a\u54e1\u4f01\u696d\u69d8\u306eZoom\u30a2\u30ab\u30a6\u30f3\u30c8\u3078\u306e\u30ea\u30f3\u30af\u3092\u5927\u4f1a\u30db\u30fc\u30e0\u30da\u30fc\u30b8\u306b\u63b2\u8f09\u3059\u308b\u3053\u3068\u304c\u3067\u304d\u307e\u3059\u3002\u305d\u306e\u30ea\u30f3\u30af\u304b\u3089\u30df\u30fc\u30c6\u30a3\u30f3\u30b0\u306b\u30a2\u30af\u30bb\u30b9\u3057\u305f\u5927\u4f1a\u53c2\u52a0\u8005\u3068\uff0c\u5927\u4f1a\u671f\u9593\u4e2d\u306e\u6307\u5b9a\u3055\u308c\u305f\u6642\u9593\uff088\u67087\u65e5: 9:30\uff5e17:20\uff0c8\u67088\u65e5: 9:10\uff5e15:15\uff09\u306b\uff0c\u81ea\u7531\u306b\u3084\u308a\u53d6\u308a\u3057\u3066\u3044\u305f\u3060\u3051\u307e\u3059\u3002<\/p>\n<p>\u63b2\u8f09\u30a4\u30e1\u30fc\u30b8\u306f\u4ee5\u4e0b\u306e\u901a\u308a\u3067\u3059\u3002\u53c2\u52a0\u8005\u306f\uff0c\u4f01\u696d\u540d\uff08\u300c\u3007\u682a\u5f0f\u4f1a\u793e\u300d\u306e\u90e8\u5206\uff09\u3092\u30af\u30ea\u30c3\u30af\u3057\uff0c\u8cb4\u793e\u306eZoom\u30df\u30fc\u30c6\u30a3\u30f3\u30b0\u306b\u30a2\u30af\u30bb\u30b9\u3057\u307e\u3059\u3002\u63b2\u8f09\u9806\u306f\u5927\u4f1a\u5b9f\u884c\u59d4\u54e1\u4f1a\u306b\u4e00\u4efb\u304f\u3060\u3055\u3044\u3002<\/p>\n<table>\n<tbody>\n<tr>\n<td width=\"104\">A\u682a\u5f0f\u4f1a\u793e<\/td>\n<td width=\"545\">\u5f0a\u793e\u3067\u306f\uff0c\u5927\u5b66\u306e\u82f1\u8a9e\u306e\u6388\u696d\u3067\u4f7f\u7528\u3067\u304d\u308b\u6559\u79d1\u66f8\u3092\u591a\u6570\u51fa\u7248\u3057\u3066\u304a\u308a&#8230; \uff08100\u5b57\u4ee5\u5185\u306e\u8aac\u660e\uff09<\/td>\n<\/tr>\n<tr>\n<td width=\"104\">B\u682a\u5f0f\u4f1a\u793e<\/td>\n<td width=\"545\">\u00d7\u00d7\u00d7<\/td>\n<\/tr>\n<tr>\n<td width=\"104\">C\u682a\u5f0f\u4f1a\u793e<\/td>\n<td width=\"545\">\u00d7\u00d7\u00d7<\/td>\n<\/tr>\n<\/tbody>\n<\/table>\n<p>\u203b\u9759\u6b62\u753b\u5e83\u544a\u3084\u52d5\u753b\u5e83\u544a\u306f\uff0c\u5404\u5354\u8cdb\u4f01\u696d\u69d8\u3067\u3054\u6e96\u5099\u304f\u3060\u3055\u3044\uff08\u8a73\u7d30\u306f\u300c\u5e83\u544a\u30c7\u30fc\u30bf\u63d0\u51fa\u306b\u3064\u3044\u3066\u300d\u53c2\u7167\uff09\u3002<\/p>\n<p>\u203b\u3054\u5354\u8cdb\u3044\u305f\u3060\u304f\u5354\u8cdb\u91d1\u306b\u3064\u304d\u307e\u3057\u3066\u306f\uff0c\u4e0b\u8a18\u306e\u53e3\u5ea7\u306b<del><strong>6\u670811\u65e5\uff08\u91d1\uff09<\/strong><\/del><span style=\"color: #ff0000;\"><strong> 7\u67082\u65e5 (\u91d1) <\/strong><\/span>\u307e\u3067\u306b\u304a\u632f\u8fbc\u307f\u4e0b\u3055\u3044\u3002\u9818\u53ce\u66f8\u306f\u5225\u9014\u9001\u4ed8\u3044\u305f\u3057\u307e\u3059\u3002\u7533\u3057\u8fbc\u307f\u30d5\u30a9\u30fc\u30e0\u306e\u9818\u53ce\u66f8\u540d\u7b49\u306b\u95a2\u3059\u308b\u6b04\u306b\u5fc5\u8981\u4e8b\u9805\u3092\u3054\u8a18\u5165\u304f\u3060\u3055\u3044\u3002<\/p>\n<p>\u203b\u5168\u56fd\u82f1\u8a9e\u6559\u80b2\u5b66\u4f1a\u8cdb\u52a9\u4f1a\u54e1\u306b\u306f\uff0c\u5354\u8cdb\u5185\u5bb9\u306b\u3088\u3063\u3066\uff0c\u5272\u5f15\u304c\u3054\u3056\u3044\u307e\u3059\u3002\u7814\u7a76\u5927\u4f1a\u3078\u306e\u53c2\u52a0\u8cbb\u306f\u53c2\u52a0\u4eba\u6570\u306b\u95a2\u308f\u308a\u306a\u304f\u7121\u6599\u306b\u306a\u308a\u307e\u3059\u3002<\/p>\n<p>\u203b\u8cdb\u52a9\u4f1a\u54e1\u306f\uff0c\u53c2\u52a0\u8cbb\u306f\u7121\u6599\u3068\u306a\u308a\u307e\u3059\u3002\u8cdb\u52a9\u4f1a\u54e1\u306e\u767b\u9332\u3092\u3057\u3066\u3044\u306a\u3044\u4f01\u696d\u3082\u5354\u8cdb\u3092\u3044\u305f\u3060\u304f\u5834\u5408\u306b\u306f\u53c2\u52a0\u8cbb\u306f\u7121\u6599\u3068\u306a\u308a\u307e\u3059\u3002<\/p>\n<p>&nbsp;<\/p>\n<h1><strong>\u5e83\u544a\u30c7\u30fc\u30bf\u63d0\u51fa\u306b\u3064\u3044\u3066<\/strong><\/h1>\n<p>\u63d0\u51fa\u671f\u9650: <strong><span style=\"color: #000000;\"><del>6\u670811\u65e5 (\u91d1) 17:00<\/del> <span style=\"color: #ff0000;\">7\u67082\u65e5 (\u91d1) 17:00<\/span><\/span><\/strong><\/p>\n<h4>\u2460\u5927\u4f1a\u4e88\u7a3f\u96c6\u306e\u9759\u6b62\u753b\u5e83\u544a<\/h4>\n<ul>\n<li>\u5927\u4f1a\u4e88\u7a3f\u96c6\u306b\u63b2\u8f09\u3059\u308b\u5e83\u544a\u306f\uff0c\u5e0c\u671b\u3055\u308c\u308b\u5354\u8cdb\u4f01\u696d\u69d81\u793e\u306b\u3064\u304dA4\u30b5\u30a4\u30ba1\u30da\u30fc\u30b8 \uff08\u7e26297\uff4d\uff4d\u00d7\u6a2a210\uff4d\uff4d\u3002\u30de\u30fc\u30b8\u30f3\uff08\u4f59\u767d\uff09\u306f\u4e0a\u4e0b\u5de6\u53f3\u3059\u3079\u306625mm\u3002\uff09\u307e\u305f\u306fA4\u30b5\u30a4\u30ba\u534a\u30da\u30fc\u30b8\u3068\u306a\u3063\u3066\u304a\u308a\u307e\u3059\u3002\u305d\u308c\u4ee5\u5916\u306e\u53d7\u4ed8\u306f\u3067\u304d\u307e\u305b\u3093\u306e\u3067\uff0c\u3054\u4e86\u627f\u304f\u3060\u3055\u3044\u3002<\/li>\n<li>\u539f\u7a3f\u306fPDF\u5f62\u5f0f\u3067\u3054\u4f5c\u6210\u304f\u3060\u3055\u3044\u3002<\/li>\n<li>\u89e3\u50cf\u5ea6\u306f\u5927\u4f1a\u5b9f\u884c\u59d4\u54e1\u4f1a\u304c\u8abf\u6574\u3055\u305b\u3066\u3044\u305f\u3060\u304f\u53ef\u80fd\u6027\u304c\u3042\u308a\u307e\u3059\u3002<\/li>\n<li>\u63d0\u51fa\u5148:<strong><span style=\"color: #000000;\"> jaselenagano2021kyosan@gmail.com<\/span><\/strong><\/li>\n<li>\u30e1\u30fc\u30eb\u306e\u4ef6\u540d\u306f\uff0c\u300c\u5168\u56fd\u82f1\u8a9e\u6559\u80b2\u5b66\u4f1a\u7b2c46\u56de\u9577\u91ce\u7814\u7a76\u5927\u4f1a\uff3b\u9759\u6b62\u753b\u5e83\u544a\uff3d_xxxx\u300d\uff08xxxx\u306f\u4f01\u696d\u540d\uff09\u3068\u3057\u3066\u304f\u3060\u3055\u3044\u3002<\/li>\n<li>\u30d5\u30a1\u30a4\u30eb\u540d\u3092\uff0c\u300c\u9759\u6b62\u753b\u5e83\u544a_xxxx.pdf\u300d\u3068\u3057\u3066\u304f\u3060\u3055\u3044\u3002xxxx\u306f\u4f01\u696d\u540d\u3068\u3057\u3066\u304f\u3060\u3055\u3044\u3002<\/li>\n<\/ul>\n<h4>\u2461\u30aa\u30f3\u30e9\u30a4\u30f3\u5927\u4f1a\u4e2d\u306e\u52d5\u753b\u5e83\u544a<\/h4>\n<ul>\n<li>\u52d5\u753b\u5e83\u544a\u306e\u5f62\u5f0f\u306fMPEG4\uff08.mp4\uff09\u3067\u4f5c\u6210\u3057\u3066\u304f\u3060\u3055\u3044\u3002<\/li>\n<li>\u52d5\u753b\u306e\u9577\u3055\u306f1\u5206\u9593\u3068\u3057\u3066\u304f\u3060\u3055\u3044\u3002<\/li>\n<li>\u97f3\u91cf\u3084\u89e3\u50cf\u5ea6\u306f\u5927\u4f1a\u5b9f\u884c\u59d4\u54e1\u4f1a\u304c\u8abf\u6574\u3055\u305b\u3066\u3044\u305f\u3060\u304f\u53ef\u80fd\u6027\u304c\u3042\u308a\u307e\u3059\u3002<\/li>\n<li>\u901a\u4fe1\u74b0\u5883\u306e\u30c8\u30e9\u30d6\u30eb\u306a\u3069\u306e\u4e0d\u6e2c\u306e\u4e8b\u614b\u306b\u3088\u308a\uff0c\u8a08\u753b\u901a\u308a\u306b\u52d5\u753b\u5e83\u544a\u3092\u6d41\u305b\u306a\u3044\u4e8b\u614b\u304c\u767a\u751f\u3059\u308b\u53ef\u80fd\u6027\u304c\u3054\u3056\u3044\u307e\u3059\u3002\u305d\u306e\u3088\u3046\u306a\u554f\u984c\u304c\u8d77\u3053\u3089\u306a\u3044\u3088\u3046\u6700\u5584\u3092\u5c3d\u304f\u3059\u6240\u5b58\u3067\u306f\u3054\u3056\u3044\u307e\u3059\u304c\uff0c\u3042\u3089\u304b\u3058\u3081\u3054\u4e86\u627f\u304f\u3060\u3055\u3044\u3002<\/li>\n<li>\u63d0\u51fa\u5148: \u52d5\u753b\u306e\u30c7\u30fc\u30bf\u304c\u5165\u3063\u305fDVD-R\u3092\u4ee5\u4e0b\u306e\u4f4f\u6240\u306b\u3054\u90f5\u9001\u304f\u3060\u3055\u3044\u3002\u306a\u304a\uff0c\u3054<wbr \/>\u63d0\u51fa\u3044\u305f\u3060\u3044\u305fDVD-R\u306f\u8fd4\u5374\u3044\u305f\u3057\u307e\u305b\u3093\u3002<del>DVD-R\u4ee5\u5916\u306e\u8a18\u9332\u5a92\u4f53\u306b\u3064\u3044\u3066\u306f\u53d7\u3051\u4ed8\u3051\u307e\u305b\u3093\u306e\u3067\uff0c\u4e88\u3081\u3054\u4e86\u627f\u304f\u3060\u3055\u3044\u3002<\/del><span style=\"color: #ff0000;\">DVD-R\u4ee5\u5916\u306e\u30c7\u30fc\u30bf\u306e\u63d0\u51fa\u306b\u3064\u3044\u3066\u306f\u3000jaselenagano2021kyosan@gmail.com \u3078\u3054\u76f8\u8ac7\u304f\u3060\u3055\u3044\u3002<\/span><strong>\u3012380-8544 \u9577\u91ce\u770c\u9577\u91ce\u5e02\u897f\u9577\u91ce6\u306e\u53e3<\/strong><br \/>\n<strong>\u4fe1\u5dde\u5927\u5b66\u6559\u80b2\u5b66\u90e8 \u9752\u5c71\u62d3\u5b9f\u7814\u7a76\u5ba4<\/strong><\/li>\n<\/ul>\n<h4>\u2462\u7814\u7a76\u5927\u4f1a\u30d7\u30ed\u30b0\u30e9\u30e0\u8868\uff08\u5f53\u65e5\u7528\uff09\u3078\u306eZoom\u4f1a\u8b70\u306e\u30ea\u30f3\u30af\u63b2\u8f09<\/h4>\n<ul>\n<li>1) Zoom\u30df\u30fc\u30c6\u30a3\u30f3\u30b0\u306eURL\u3068\uff0c2) \u8aac\u660e\u6587\uff08100\u5b57\u4ee5\u5185\uff09\u3092\u3054\u63d0\u51fa\u304f\u3060\u3055\u3044\u3002<\/li>\n<li>\u63d0\u51fa\u5148:<strong><span style=\"color: #000000;\"> jaselenagano2021kyosan@gmail.com<\/span><\/strong><\/li>\n<li>\u30e1\u30fc\u30eb\u306e\u4ef6\u540d\u306f\uff0c\u300c\u5168\u56fd\u82f1\u8a9e\u6559\u80b2\u5b66\u4f1a\u7b2c46\u56de\u9577\u91ce\u7814\u7a76\u5927\u4f1a\uff3bZoom\u4f1a\u8b70\u30ea\u30f3\u30af\uff3d<wbr \/>_xxxx\u300d\uff08xxxx\u306f\u4f01\u696d\u540d\uff09\u3068\u3057\u3066\u304f\u3060\u3055\u3044\u3002<\/li>\n<\/ul>\n<h1><\/h1>\n<h1><strong>\u5354\u8cdb\u91d1\u304a\u652f\u6255\u3044\u65b9\u6cd5<\/strong><\/h1>\n<p>\u5354\u8cdb\u91d1\u306f\uff0c\u4ee5\u4e0b\u306e\u53e3\u5ea7\u306b<strong><del>6\u670811\u65e5\uff08\u91d1\uff0917:00<\/del> <span style=\"color: #ff0000;\">7\u67082\u65e5 (\u91d1) 17:00<\/span><\/strong>\u307e\u3067\u306b\u304a\u632f\u8fbc\u307f\u3044\u305f\u3060\u304d\u307e\u3059\u3088\u3046\u304a\u9858\u3044\u3044\u305f\u3057\u307e\u3059\u3002<br \/>\n\u632f\u8fbc\u7528\u7d19\u306e\u901a\u4fe1\u6b04\u306b\uff0c\u304a\u7533\u3057\u8fbc\u307f\u3044\u305f\u3060\u3044\u305f\u5354\u8cdb\u5185\u5bb9\u3092\u660e\u793a\u3057\u3066\u304f\u3060\u3055\u3044\u3002<\/p>\n<table>\n<tbody>\n<tr>\n<td width=\"113\"><strong>\u91d1\u878d\u6a5f\u95a2\u540d<\/strong><\/td>\n<td width=\"536\">\u307f\u305a\u307b\u9280\u884c\u3000\u9577\u91ce\u652f\u5e97\uff08\u5e97\u756a\u53f7\uff1a426\uff09<\/td>\n<\/tr>\n<tr>\n<td width=\"113\"><strong>\u53e3\u5ea7\u756a\u53f7<\/strong><\/td>\n<td width=\"536\">\uff08\u666e\u901a\uff09\u30003031976<\/td>\n<\/tr>\n<tr>\n<td width=\"113\"><strong>\u540d\u7fa9<\/strong><\/td>\n<td width=\"536\">\u4e2d\u90e8\u5730\u533a\u82f1\u8a9e\u6559\u80b2\u5b66\u4f1a\u3000\u9577\u91ce\u5730\u533a<br \/>\n<u>\uff81\uff95\uff73\uff8c\uff9e\uff81\uff78\uff74\uff72\uff7a\uff9e\uff77\uff96\uff73\uff72\uff78\uff76\uff9e\uff82\uff76\uff72 \uff85\uff76\uff9e\uff89\uff81\uff78<\/u><\/td>\n<\/tr>\n<\/tbody>\n<\/table>\n<p>&nbsp;<\/p>\n","protected":false},"excerpt":{"rendered":"<p>\u5354\u8cdb\u8981\u9818\uff06\u7533\u3057\u8fbc\u307f \u7de0\u5207\u308a\u306e\u5ef6\u9577\u3068\u30c7\u30fc\u30bf\u63d0\u51fa\u65b9\u6cd5\u306e\u5909\u66f4\u3092\u884c\u3044\u307e\u3057\u305f\u3002 &nbsp; \u5168\u56fd\u82f1\u8a9e\u6559\u80b2\u5b66\u4f1a\u7b2c46\u56de\u9577\u91ce\u7814\u7a76\u5927\u4f1a\uff08\u30aa\u30f3\u30e9\u30a4\u30f3\u958b\u50ac\uff09\u3078\u306e\u5354\u8cdb\u3092\u7533\u8acb\u3055\u308c\u308b\u969b\u306b\u306f\uff0c\u4e0b\u8a18\u306e\u300c\u5354\u8cdb\u7533\u3057\u8fbc\u307f\u30d5\u30a9\u30fc\u30e0\u300d\u306b\u5fc5\u8981\u4e8b\u9805\u3092\u5165\u529b\u3057\uff0c\u9001\u4fe1 [&hellip;]<\/p>\n","protected":false},"author":3,"featured_media":0,"parent":0,"menu_order":7,"comment_status":"closed","ping_status":"closed","template":"","meta":[],"_links":{"self":[{"href":"https:\/\/www.celes.info\/jasele2021\/wp-json\/wp\/v2\/pages\/235"}],"collection":[{"href":"https:\/\/www.celes.info\/jasele2021\/wp-json\/wp\/v2\/pages"}],"about":[{"href":"https:\/\/www.celes.info\/jasele2021\/wp-json\/wp\/v2\/types\/page"}],"author":[{"embeddable":true,"href":"https:\/\/www.celes.info\/jasele2021\/wp-json\/wp\/v2\/users\/3"}],"replies":[{"embeddable":true,"href":"https:\/\/www.celes.info\/jasele2021\/wp-json\/wp\/v2\/comments?post=235"}],"version-history":[{"count":52,"href":"https:\/\/www.celes.info\/jasele2021\/wp-json\/wp\/v2\/pages\/235\/revisions"}],"predecessor-version":[{"id":448,"href":"https:\/\/www.celes.info\/jasele2021\/wp-json\/wp\/v2\/pages\/235\/revisions\/448"}],"wp:attachment":[{"href":"https:\/\/www.celes.info\/jasele2021\/wp-json\/wp\/v2\/media?parent=235"}],"curies":[{"name":"wp","href":"https:\/\/api.w.org\/{rel}","templated":true}]}}